{"id":507,"date":"2023-09-27T12:15:17","date_gmt":"2023-09-27T12:15:17","guid":{"rendered":"https:\/\/fssn-fv.de\/?page_id=507"},"modified":"2023-09-27T12:37:44","modified_gmt":"2023-09-27T12:37:44","slug":"spenden","status":"publish","type":"page","link":"https:\/\/fssn-fv.de\/?page_id=507","title":{"rendered":"Spenden"},"content":{"rendered":"\n<div class=\"wp-block-media-text alignwide has-media-on-the-right is-stacked-on-mobile\" style=\"grid-template-columns:auto 36%\"><div class=\"wp-block-media-text__content\">\n<p><\/p>\n\n\n\n<h2 class=\"wp-block-heading\">So k\u00f6nnen Sie uns unterst\u00fctzen<\/h2>\n\n\n\n<p><\/p>\n\n\n\n<p>Einen Antrag auf Mitgliedschaft finden Sie im Download Bereich.<\/p>\n\n\n\n<p>Wenn Sie uns mit einer Spende unterst\u00fctzen m\u00f6chten, nutzen Sie bitte folgende Bankverbindung:<\/p>\n\n\n\n<p><strong>F\u00f6rderverein der Friedrich-Staedtler-Grund- und Mittelschule Schule e.V.<\/strong><\/p>\n\n\n\n<p><strong>Raiffeisenbank Knoblauchsland eG<\/strong><\/p>\n\n\n\n<p><strong>IBAN: DE78 7606 9512 0000 0579 40<\/strong><\/p>\n\n\n\n<p>F\u00fcr den Fall, dass Sie f\u00fcr ein bestimmtes Schulprojekt spenden m\u00f6chten, geben Sie bitte den Spendenzweck bei Ihrer \u00dcberweisung mit an. Wir werden Ihre Spende der Schule dann zweckgebunden f\u00fcr dieses Projekt zukommen lassen.<\/p>\n<\/div><figure class=\"wp-block-media-text__media\"><img loading=\"lazy\" decoding=\"async\" width=\"273\" height=\"1024\" src=\"https:\/\/fssn-fv.de\/wp-content\/uploads\/2023\/09\/Banner-Foerderverein-2-273x1024.jpg\" alt=\"\" class=\"wp-image-515 size-full\" srcset=\"https:\/\/fssn-fv.de\/wp-content\/uploads\/2023\/09\/Banner-Foerderverein-2-273x1024.jpg 273w, https:\/\/fssn-fv.de\/wp-content\/uploads\/2023\/09\/Banner-Foerderverein-2-80x300.jpg 80w, https:\/\/fssn-fv.de\/wp-content\/uploads\/2023\/09\/Banner-Foerderverein-2-768x2884.jpg 768w, https:\/\/fssn-fv.de\/wp-content\/uploads\/2023\/09\/Banner-Foerderverein-2-409x1536.jpg 409w, https:\/\/fssn-fv.de\/wp-content\/uploads\/2023\/09\/Banner-Foerderverein-2-scaled.jpg 682w\" sizes=\"auto, (max-width: 273px) 100vw, 273px\" \/><\/figure><\/div>\n","protected":false},"excerpt":{"rendered":"<p>So k\u00f6nnen Sie uns unterst\u00fctzen Einen Antrag auf Mitgliedschaft finden Sie im Download Bereich. Wenn Sie uns mit einer Spende unterst\u00fctzen m\u00f6chten, nutzen Sie bitte folgende Bankverbindung: F\u00f6rderverein der Friedrich-Staedtler-Grund- und Mittelschule Schule e.V. Raiffeisenbank Knoblauchsland eG IBAN: DE78 7606 9512 0000 0579 40 F\u00fcr den Fall, dass Sie f\u00fcr ein bestimmtes Schulprojekt spenden m\u00f6chten, &hellip; <a href=\"https:\/\/fssn-fv.de\/?page_id=507\" class=\"more-link\"><span class=\"screen-reader-text\">Spenden<\/span> weiterlesen <span class=\"meta-nav\">&rarr;<\/span><\/a><\/p>\n","protected":false},"author":1,"featured_media":0,"parent":0,"menu_order":0,"comment_status":"closed","ping_status":"closed","template":"","meta":{"footnotes":""},"class_list":["post-507","page","type-page","status-publish","hentry"],"_links":{"self":[{"href":"https:\/\/fssn-fv.de\/index.php?rest_route=\/wp\/v2\/pages\/507","targetHints":{"allow":["GET"]}}],"collection":[{"href":"https:\/\/fssn-fv.de\/index.php?rest_route=\/wp\/v2\/pages"}],"about":[{"href":"https:\/\/fssn-fv.de\/index.php?rest_route=\/wp\/v2\/types\/page"}],"author":[{"embeddable":true,"href":"https:\/\/fssn-fv.de\/index.php?rest_route=\/wp\/v2\/users\/1"}],"replies":[{"embeddable":true,"href":"https:\/\/fssn-fv.de\/index.php?rest_route=%2Fwp%2Fv2%2Fcomments&post=507"}],"version-history":[{"count":7,"href":"https:\/\/fssn-fv.de\/index.php?rest_route=\/wp\/v2\/pages\/507\/revisions"}],"predecessor-version":[{"id":523,"href":"https:\/\/fssn-fv.de\/index.php?rest_route=\/wp\/v2\/pages\/507\/revisions\/523"}],"wp:attachment":[{"href":"https:\/\/fssn-fv.de\/index.php?rest_route=%2Fwp%2Fv2%2Fmedia&parent=507"}],"curies":[{"name":"wp","href":"https:\/\/api.w.org\/{rel}","templated":true}]}}